{"id":104,"date":"2017-02-02T22:10:14","date_gmt":"2017-02-02T21:10:14","guid":{"rendered":"https:\/\/tdwp.000webhostapp.com\/?page_id=104"},"modified":"2023-11-19T11:47:00","modified_gmt":"2023-11-19T10:47:00","slug":"home","status":"publish","type":"page","link":"https:\/\/tempsdanse-asso.org\/","title":{"rendered":"Home"},"content":{"rendered":"<p>Ancienne soliste \u00e0 l\u2019op\u00e9ra de Lille, Catherine Wahl a enseign\u00e9 la danse \u00e0 Wasquehal pendant plus de 35 ans. En 1991, elle cr\u00e9e Temps Danse, et en devient la directrice artistique et transmet toujours aujourd\u2019hui sa passion et son savoir en conservant une vision puriste de son art.<\/p>\n<p>\u00ab J\u2019aime travailler avec des amoureux de la danse, avec p\u00e9dagogie et sans tape \u00e0 l\u2019\u0153il. Danser, ce n\u2019est pas que du spectacle, c\u2019est aussi une \u00e9cole de vie. Cela demande beaucoup de discipline et d\u2019efforts dans le travail, tout en sachant garder le sourire. \u00bb<\/p>\n<p>La directrice artistique tient surtout \u00e0 voir les \u00e9l\u00e8ves s\u2019\u00e9panouir, qu\u2019elles deviennent ou non professionnelles, comme certaines anciennes, au sein de ballets ou de compagnies.<\/p>\n<p>Pour cela, quatre professeurs dipl\u00f4m\u00e9s forment \u00e0 la danse classique, au jazz, au hip hop et aux claquettes avec un penchant naturel pour la premi\u00e8re sp\u00e9cialit\u00e9, base de travail plus qu\u2019utile pour r\u00e9ussir dans toutes les autres. Car en classique, c\u2019est avant tout une histoire de millim\u00e8tres. \u00ab L\u2019id\u00e9al est de r\u00e9ussir avec les doigts de pied ce que le pianiste fait avec les mains. \u00bb Un travail assur\u00e9ment pointu.<\/p>\n<p>Chaque ann\u00e9e au mois de juin, les \u00e9l\u00e8ves terminent l\u2019ann\u00e9e par un spectacle reprenant un grand ballet regroupant les 4 disciplines, revisit\u00e9 par une chor\u00e9graphie maison. L\u2019occasion pour les professeurs de retransmettre leurs nouveaux acquis, dans la peau de Cendrillon ou de la Belle au bois dormant, des h\u00e9ro\u00efnes qui seront \u00e9ternellement tendance.<\/p>\n","protected":false},"excerpt":{"rendered":"<p>Ancienne soliste \u00e0 l\u2019op\u00e9ra de Lille, Catherine Wahl a enseign\u00e9 la danse \u00e0 Wasquehal pendant plus de 35 ans. En 1991, elle cr\u00e9e Temps Danse, et en devient la directrice artistique et transmet toujours aujourd\u2019hui sa passion et son savoir en conservant une vision puriste de son art. \u00ab J\u2019aime travailler avec des amoureux de [&hellip;]<\/p>\n","protected":false},"author":2,"featured_media":0,"parent":0,"menu_order":0,"comment_status":"closed","ping_status":"closed","template":"","meta":{"footnotes":""},"class_list":["post-104","page","type-page","status-publish","hentry","post"],"jetpack_sharing_enabled":true,"_links":{"self":[{"href":"https:\/\/tempsdanse-asso.org\/index.php\/wp-json\/wp\/v2\/pages\/104","targetHints":{"allow":["GET"]}}],"collection":[{"href":"https:\/\/tempsdanse-asso.org\/index.php\/wp-json\/wp\/v2\/pages"}],"about":[{"href":"https:\/\/tempsdanse-asso.org\/index.php\/wp-json\/wp\/v2\/types\/page"}],"author":[{"embeddable":true,"href":"https:\/\/tempsdanse-asso.org\/index.php\/wp-json\/wp\/v2\/users\/2"}],"replies":[{"embeddable":true,"href":"https:\/\/tempsdanse-asso.org\/index.php\/wp-json\/wp\/v2\/comments?post=104"}],"version-history":[{"count":1,"href":"https:\/\/tempsdanse-asso.org\/index.php\/wp-json\/wp\/v2\/pages\/104\/revisions"}],"predecessor-version":[{"id":488,"href":"https:\/\/tempsdanse-asso.org\/index.php\/wp-json\/wp\/v2\/pages\/104\/revisions\/488"}],"wp:attachment":[{"href":"https:\/\/tempsdanse-asso.org\/index.php\/wp-json\/wp\/v2\/media?parent=104"}],"curies":[{"name":"wp","href":"https:\/\/api.w.org\/{rel}","templated":true}]}}