{"id":208,"date":"2017-02-03T19:01:48","date_gmt":"2017-02-03T18:01:48","guid":{"rendered":"https:\/\/tdwp.000webhostapp.com\/?page_id=208"},"modified":"2025-09-05T10:39:49","modified_gmt":"2025-09-05T08:39:49","slug":"planning-des-cours","status":"publish","type":"page","link":"https:\/\/tempsdanse-asso.org\/index.php\/planning-des-cours\/","title":{"rendered":"Planning des cours"},"content":{"rendered":"<h4><span style=\"color: #993366;\"><strong>AFFICHAGE DES LISTES ET HORAIRES &#8211; Salle Leulier : Le samedi 13 septembre \u00e0 14h<\/strong><\/span><\/h4>\n<h4><span style=\"color: #993366;\"><strong>D\u00c9BUT DES COURS : A partir du Lundi 15 septembre pour les cours de classique, hip-hop, claquettes, Pilates. A partir du Lundi 22 septembre pour les cours de jazz.<\/strong><\/span><\/h4>\n<p><span style=\"color: #000000;\"><strong>Ces \u00e9l\u00e9ments sont donn\u00e9s \u00e0 titre indicatifs et sont susceptibles d&rsquo;\u00e9voluer au regard du nombre d&rsquo;inscrits. La majorit\u00e9 de nos cours \u00e9tant complets merci de prendre contact avec l&rsquo;association avant l&rsquo;inscription.<\/strong><\/span><\/p>\n","protected":false},"excerpt":{"rendered":"<p>AFFICHAGE DES LISTES ET HORAIRES &#8211; Salle Leulier : Le samedi 13 septembre \u00e0 14h D\u00c9BUT DES COURS : A partir du Lundi 15 septembre pour les cours de classique, hip-hop, claquettes, Pilates. A partir du Lundi 22 septembre pour les cours de jazz. Ces \u00e9l\u00e9ments sont donn\u00e9s \u00e0 titre indicatifs et sont susceptibles d&rsquo;\u00e9voluer [&hellip;]<\/p>\n","protected":false},"author":2,"featured_media":0,"parent":0,"menu_order":0,"comment_status":"closed","ping_status":"closed","template":"","meta":{"footnotes":""},"class_list":["post-208","page","type-page","status-publish","hentry","post"],"jetpack_sharing_enabled":true,"_links":{"self":[{"href":"https:\/\/tempsdanse-asso.org\/index.php\/wp-json\/wp\/v2\/pages\/208","targetHints":{"allow":["GET"]}}],"collection":[{"href":"https:\/\/tempsdanse-asso.org\/index.php\/wp-json\/wp\/v2\/pages"}],"about":[{"href":"https:\/\/tempsdanse-asso.org\/index.php\/wp-json\/wp\/v2\/types\/page"}],"author":[{"embeddable":true,"href":"https:\/\/tempsdanse-asso.org\/index.php\/wp-json\/wp\/v2\/users\/2"}],"replies":[{"embeddable":true,"href":"https:\/\/tempsdanse-asso.org\/index.php\/wp-json\/wp\/v2\/comments?post=208"}],"version-history":[{"count":26,"href":"https:\/\/tempsdanse-asso.org\/index.php\/wp-json\/wp\/v2\/pages\/208\/revisions"}],"predecessor-version":[{"id":1931,"href":"https:\/\/tempsdanse-asso.org\/index.php\/wp-json\/wp\/v2\/pages\/208\/revisions\/1931"}],"wp:attachment":[{"href":"https:\/\/tempsdanse-asso.org\/index.php\/wp-json\/wp\/v2\/media?parent=208"}],"curies":[{"name":"wp","href":"https:\/\/api.w.org\/{rel}","templated":true}]}}