{"id":268,"date":"2017-02-04T08:50:13","date_gmt":"2017-02-04T07:50:13","guid":{"rendered":"https:\/\/tdwp.000webhostapp.com\/?page_id=268"},"modified":"2017-02-28T23:21:58","modified_gmt":"2017-02-28T22:21:58","slug":"gala-noel-2016","status":"publish","type":"page","link":"https:\/\/tempsdanse-asso.org\/index.php\/galerie-photos\/gala-noel-2016\/","title":{"rendered":"Gala No\u00ebl 2016"},"content":{"rendered":"\t<style> \r\n\t\t\/* Menu Background color *\/\r\n\t\t#UGM_273 .UGPMenuBackground{\r\n\t\t\tbackground-color:#000000; \r\n\t\t}\r\n\r\n\t\t#UGM_273 .UGPMenuButtonBackgroundSelected{\r\n\t\t\tbackground-color: #000000;\r\n\t\t\tpointer-events: none;\r\n\t\t\tcolor:#000000;\r\n\t\t}\r\n\r\n\t\t#UGM_273 .centerDark,\r\n\t\t#UGM_273 .centerWhite,\r\n\t\t#UGM_273 .centerNormalDark {\r\n\t\t\tcolor:#ffffff;\r\n\t\t}\r\n\t\t\r\n\t\t#UGM_273 .searchClassName,\r\n\t\t#UGM_273 .searchNotFound,\r\n\t\t#UGM_273 .centerWhite,\r\n\t\t#UGM_273 .centerDark,\r\n\t\t#UGM_273 .gallery1DecHeader,\r\n\t\t#UGM_273 .gallery1DescP\r\n\t\t{\r\n\t\t\tfont-family:Arial !important;\r\n\t\t}\r\n\t\t<\/style>\r\n\t<script src=\"https:\/\/tempsdanse-asso.org\/wp-content\/plugins\/ultimate-gallery-master\/js\/FWDUGP.js\"><\/script>\r\n<script type=\"text\/javascript\">\r\nFWDRLUtils.onReady(function(){\r\n\tnew FWDUGP({\r\n\t\/* main settings  *\/\r\n\t\tgridType:\"classicVertical\",\r\n\t\trightClickContextMenu:\"default\",\r\n\t\tinstanceName:\"myUGP_273\",\r\n\t\tparentId:\"UGM_273\",\r\n\t\tmainFolderPath:\"https:\/\/tempsdanse-asso.org\/wp-content\/plugins\/ultimate-gallery-master\/content\",\r\n\t\tgridSkinPath:\"grid_skin_classic\",\r\n\t\tlightboxSkinPath:\"lightbox_skin_classic\",\r\n\t\tplaylistId:\"UGMGallery_273\",\r\n\t\tanimateParent:\"yes\",\r\n\t\tstartAtCategory:0,\r\n\t\t\t\/* menu settings *\/\r\n\t\tshowMenu:\"no\",\r\n\t\tshowSearchBox:\"no\",\r\n\t\tcenterNoSearchFoundLabelWithMenu:\"yes\",\r\n\t\tmenuPosition:\"left\",\r\n\t\tsearchLabel:\"Search\",\r\n\t\tsearchNotFoundLabel:\"NOTHING FOUND!\",\r\n\t\tmenuButtonSpacerWidth:1,\r\n\t\tmenuButtonSpacerHeight:20,\r\n\t\tmenuButtonsSapcerLeftAndRight:10,\r\n\t\tmenuMaxWidth:920,\r\n\t\tmenuOffsetTop:18,\r\n\t\tmenuOffsetBottom:36,\r\n\t\/* thumbnail settings *\/\r\n\t\tthumbanilBoxShadow:\"none\",\r\n\t\tdisableThumbnails:\"no\", \r\n\t\tinverseButtonsIcons:\"no\",\r\n\t\tthumbnailBackgroundColor:\"#000000\",\r\n\t\tthumbnailBorderNormalColor:\"#000000\",\r\n\t\tthumbnailBorderSelectedColor:\"#000000\",\r\n\t\tthumbnailsHorizontalOffset:0,\r\n\t\tthumbnailsVerticalOffset:5,\r\n\t\thorizontalSpaceBetweenThumbnails:5,\r\n\t\tverticalSpaceBetweenThumbnails:5,\r\n\t\tthumbnailBorderSize:0,\r\n\t\/* preset settings *\/\r\n\t\tpreset:\"animtext\",\r\n\t\ttextAnimationType:\"scale\",\r\n\t\tuseIconButtons:\"no\",\r\n\t\tthumbnailIconWidth:30,\r\n\t\tthumbnailIconHeight:29,\r\n\t\tspaceBetweenThumbanilIcons:12,\r\n\t\tspaceBetweenTextAndIcons:20,\r\n\t\tthumbnailOverlayColor:\"#000000\",\r\n\t\tthumbnailOverlayOpacity:0.8,\r\n\t\/* ligtbox settings (optional) *\/\r\n\t\tshowZoomButton:\"yes\",\r\n\t\tshowDescriptionButton:\"no\",\r\n\t\tshowDescriptionByDefault:\"no\",\r\n\t});\r\n});\r\n<\/script>\r\n<!-- UGP holder -->\r\n<div id=\"UGM_273\"><\/div>\r\n<div id=\"UGMGallery_273\" style=\"display:none\">\r\n\t<ul>\r\n\t<li data-url=\"http:\/\/tempsdanse-asso.org\/wp-content\/uploads\/2017\/02\/img_0155.jpg\" ><img data-recalc-dims=\"1\" decoding=\"async\" src=\"https:\/\/i0.wp.com\/tempsdanse-asso.org\/wp-content\/uploads\/2017\/02\/img_0155.jpg?w=720\" alt=\"\"\/> <div data-thumbnail-content1=\"\"><div class=\"centerDark\"><\/div><\/div><div data-lightbox-desc=\"\"><p class=\"gallery1DecHeader\"><\/p><p class=\"gallery1DescP\"><\/p><\/div><\/li><li data-url=\"http:\/\/tempsdanse-asso.org\/wp-content\/uploads\/2017\/02\/img_0156.jpg\" ><img data-recalc-dims=\"1\" decoding=\"async\" src=\"https:\/\/i0.wp.com\/tempsdanse-asso.org\/wp-content\/uploads\/2017\/02\/img_0156.jpg?w=720\" alt=\"\"\/> <div data-thumbnail-content1=\"\"><div class=\"centerDark\"><\/div><\/div><div data-lightbox-desc=\"\"><p class=\"gallery1DecHeader\"><\/p><p class=\"gallery1DescP\"><\/p><\/div><\/li><li data-url=\"http:\/\/tempsdanse-asso.org\/wp-content\/uploads\/2017\/02\/IMG_0351_thumb0.jpg\" ><img data-recalc-dims=\"1\" height=\"400\" width=\"400\" decoding=\"async\" src=\"https:\/\/i0.wp.com\/tempsdanse-asso.org\/wp-content\/uploads\/2017\/02\/IMG_0351_thumb0-400x400.jpg?resize=400%2C400\" alt=\"\"\/> <div data-thumbnail-content1=\"\"><div class=\"centerDark\"><\/div><\/div><div data-lightbox-desc=\"\"><p class=\"gallery1DecHeader\"><\/p><p class=\"gallery1DescP\"><\/p><\/div><\/li><li data-url=\"http:\/\/tempsdanse-asso.org\/wp-content\/uploads\/2017\/02\/img_0157.jpg\" ><img data-recalc-dims=\"1\" height=\"400\" width=\"400\" decoding=\"async\" src=\"https:\/\/i0.wp.com\/tempsdanse-asso.org\/wp-content\/uploads\/2017\/02\/img_0157-400x400.jpg?resize=400%2C400\" alt=\"\"\/> <div data-thumbnail-content1=\"\"><div class=\"centerDark\"><\/div><\/div><div data-lightbox-desc=\"\"><p class=\"gallery1DecHeader\"><\/p><p class=\"gallery1DescP\"><\/p><\/div><\/li><li data-url=\"http:\/\/tempsdanse-asso.org\/wp-content\/uploads\/2017\/02\/img_0151.jpg\" ><img data-recalc-dims=\"1\" decoding=\"async\" src=\"https:\/\/i0.wp.com\/tempsdanse-asso.org\/wp-content\/uploads\/2017\/02\/img_0151.jpg?w=720\" alt=\"\"\/> <div data-thumbnail-content1=\"\"><div class=\"centerDark\"><\/div><\/div><div data-lightbox-desc=\"\"><p class=\"gallery1DecHeader\"><\/p><p class=\"gallery1DescP\"><\/p><\/div><\/li><li data-url=\"http:\/\/tempsdanse-asso.org\/wp-content\/uploads\/2017\/02\/img_0153.jpg\" ><img data-recalc-dims=\"1\" decoding=\"async\" src=\"https:\/\/i0.wp.com\/tempsdanse-asso.org\/wp-content\/uploads\/2017\/02\/img_0153.jpg?w=720\" alt=\"\"\/> <div data-thumbnail-content1=\"\"><div class=\"centerDark\"><\/div><\/div><div data-lightbox-desc=\"\"><p class=\"gallery1DecHeader\"><\/p><p class=\"gallery1DescP\"><\/p><\/div><\/li>\t<\/ul>\t\t\r\n<\/div>\n<hr \/>\n<div id=\"kgvid_kgvid_0_wrapper\" class=\"kgvid_wrapper\">\n\t\t\t<div id=\"video_kgvid_0_div\" class=\"fitvidsignore kgvid_videodiv\" data-id=\"kgvid_0\" data-kgvid_video_vars=\"{&quot;id&quot;:&quot;kgvid_0&quot;,&quot;attachment_id&quot;:294,&quot;player_type&quot;:&quot;Video.js v8&quot;,&quot;width&quot;:&quot;576&quot;,&quot;height&quot;:&quot;360&quot;,&quot;fullwidth&quot;:&quot;true&quot;,&quot;fixed_aspect&quot;:&quot;vertical&quot;,&quot;countable&quot;:true,&quot;count_views&quot;:&quot;start_complete&quot;,&quot;start&quot;:&quot;&quot;,&quot;autoplay&quot;:&quot;false&quot;,&quot;pauseothervideos&quot;:&quot;true&quot;,&quot;set_volume&quot;:1,&quot;muted&quot;:&quot;false&quot;,&quot;meta&quot;:true,&quot;endofvideooverlay&quot;:false,&quot;resize&quot;:&quot;true&quot;,&quot;auto_res&quot;:&quot;automatic&quot;,&quot;pixel_ratio&quot;:&quot;true&quot;,&quot;right_click&quot;:&quot;on&quot;,&quot;playback_rate&quot;:&quot;false&quot;,&quot;title&quot;:&quot;Vid\\u00e9o cl\\u00f4ture gala No\\u00ebl&quot;,&quot;skip_buttons&quot;:[],&quot;nativecontrolsfortouch&quot;:&quot;false&quot;,&quot;locale&quot;:&quot;fr&quot;,&quot;enable_resolutions_plugin&quot;:false}\" itemprop=\"video\" itemscope itemtype=\"https:\/\/schema.org\/VideoObject\"><meta itemprop=\"thumbnailUrl\" content=\"https:\/\/i0.wp.com\/tempsdanse-asso.org\/wp-content\/uploads\/2017\/02\/IMG_0351_thumb0.jpg?fit=576%2C1024&#038;ssl=1\"><meta itemprop=\"embedUrl\" content=\"https:\/\/tempsdanse-asso.org\/?attachment_id=294&#038;videopack%5Benable%5D=true\"><meta itemprop=\"contentUrl\" content=\"https:\/\/tempsdanse-asso.org\/wp-content\/uploads\/2017\/02\/IMG_0351.mov\"><meta itemprop=\"name\" content=\"Vid\u00e9o cl\u00f4ture gala No\u00ebl\"><meta itemprop=\"description\" content=\"Vid\u00e9o\"><meta itemprop=\"uploadDate\" content=\"2017-02-06T18:02:27+01:00\">\n\t\t\t\t<video id=\"video_kgvid_0\" playsinline controls preload=\"metadata\" poster=\"https:\/\/i0.wp.com\/tempsdanse-asso.org\/wp-content\/uploads\/2017\/02\/IMG_0351_thumb0.jpg?fit=576%2C1024&#038;ssl=1\" width=\"576\" height=\"360\" class=\"fitvidsignore video-js kg-video-js-skin\">\n\t\t\t\t\t<source src=\"https:\/\/tempsdanse-asso.org\/wp-content\/uploads\/2017\/02\/IMG_0351.mov?id=0\" type=\"video\/mp4\" data-res=\"1024p\">\n\t\t\t\t<\/video>\n\t\t\t<\/div>\n\t\t\t<div style=\"display:none\" id=\"video_kgvid_0_meta\" class=\"kgvid_video_meta kgvid_video_meta_hover \">\n\t\t\t\t<span class='kgvid_meta_icons'><\/span>\n\t\t\t\t<span id='video_kgvid_0_title' class='kgvid_title'>Vid\u00e9o cl\u00f4ture gala No\u00ebl<\/span>\n<\/div>\n\t\t<\/div>\n<div id=\"kgvid_kgvid_1_wrapper\" class=\"kgvid_wrapper\">\n\t\t\t<div id=\"video_kgvid_1_div\" class=\"fitvidsignore kgvid_videodiv\" data-id=\"kgvid_1\" data-kgvid_video_vars=\"{&quot;id&quot;:&quot;kgvid_1&quot;,&quot;attachment_id&quot;:520,&quot;player_type&quot;:&quot;Video.js v8&quot;,&quot;width&quot;:&quot;360&quot;,&quot;height&quot;:&quot;360&quot;,&quot;fullwidth&quot;:&quot;true&quot;,&quot;fixed_aspect&quot;:&quot;vertical&quot;,&quot;countable&quot;:true,&quot;count_views&quot;:&quot;start_complete&quot;,&quot;start&quot;:&quot;&quot;,&quot;autoplay&quot;:&quot;false&quot;,&quot;pauseothervideos&quot;:&quot;true&quot;,&quot;set_volume&quot;:1,&quot;muted&quot;:&quot;false&quot;,&quot;meta&quot;:true,&quot;endofvideooverlay&quot;:false,&quot;resize&quot;:&quot;true&quot;,&quot;auto_res&quot;:&quot;automatic&quot;,&quot;pixel_ratio&quot;:&quot;true&quot;,&quot;right_click&quot;:&quot;on&quot;,&quot;playback_rate&quot;:&quot;false&quot;,&quot;title&quot;:&quot;Final_Noel_2016&quot;,&quot;skip_buttons&quot;:[],&quot;nativecontrolsfortouch&quot;:&quot;false&quot;,&quot;locale&quot;:&quot;fr&quot;,&quot;enable_resolutions_plugin&quot;:false}\" itemprop=\"video\" itemscope itemtype=\"https:\/\/schema.org\/VideoObject\"><meta itemprop=\"thumbnailUrl\" content=\"https:\/\/i0.wp.com\/tempsdanse-asso.org\/wp-content\/uploads\/2017\/02\/Final_Noel_2016_thumb0.jpg?fit=360%2C640&#038;ssl=1\"><meta itemprop=\"embedUrl\" content=\"https:\/\/tempsdanse-asso.org\/?attachment_id=520&#038;videopack%5Benable%5D=true\"><meta itemprop=\"contentUrl\" content=\"https:\/\/tempsdanse-asso.org\/wp-content\/uploads\/2017\/02\/Final_Noel_2016.mp4\"><meta itemprop=\"name\" content=\"Final_Noel_2016\"><meta itemprop=\"description\" content=\"Vid\u00e9o\"><meta itemprop=\"uploadDate\" content=\"2017-02-28T23:17:20+01:00\">\n\t\t\t\t<video id=\"video_kgvid_1\" playsinline controls preload=\"metadata\" poster=\"https:\/\/i0.wp.com\/tempsdanse-asso.org\/wp-content\/uploads\/2017\/02\/Final_Noel_2016_thumb0.jpg?fit=360%2C640&#038;ssl=1\" width=\"360\" height=\"360\" class=\"fitvidsignore video-js kg-video-js-skin\">\n\t\t\t\t\t<source src=\"https:\/\/tempsdanse-asso.org\/wp-content\/uploads\/2017\/02\/Final_Noel_2016.mp4?id=1\" type=\"video\/mp4\" data-res=\"640p\">\n\t\t\t\t<\/video>\n\t\t\t<\/div>\n\t\t\t<div style=\"display:none\" id=\"video_kgvid_1_meta\" class=\"kgvid_video_meta kgvid_video_meta_hover \">\n\t\t\t\t<span class='kgvid_meta_icons'><\/span>\n\t\t\t\t<span id='video_kgvid_1_title' class='kgvid_title'>Final_Noel_2016<\/span>\n<\/div>\n\t\t<\/div>\n","protected":false},"excerpt":{"rendered":"","protected":false},"author":2,"featured_media":0,"parent":48,"menu_order":0,"comment_status":"closed","ping_status":"closed","template":"","meta":{"footnotes":""},"class_list":["post-268","page","type-page","status-publish","hentry","post"],"jetpack_sharing_enabled":true,"_links":{"self":[{"href":"https:\/\/tempsdanse-asso.org\/index.php\/wp-json\/wp\/v2\/pages\/268","targetHints":{"allow":["GET"]}}],"collection":[{"href":"https:\/\/tempsdanse-asso.org\/index.php\/wp-json\/wp\/v2\/pages"}],"about":[{"href":"https:\/\/tempsdanse-asso.org\/index.php\/wp-json\/wp\/v2\/types\/page"}],"author":[{"embeddable":true,"href":"https:\/\/tempsdanse-asso.org\/index.php\/wp-json\/wp\/v2\/users\/2"}],"replies":[{"embeddable":true,"href":"https:\/\/tempsdanse-asso.org\/index.php\/wp-json\/wp\/v2\/comments?post=268"}],"version-history":[{"count":1,"href":"https:\/\/tempsdanse-asso.org\/index.php\/wp-json\/wp\/v2\/pages\/268\/revisions"}],"predecessor-version":[{"id":524,"href":"https:\/\/tempsdanse-asso.org\/index.php\/wp-json\/wp\/v2\/pages\/268\/revisions\/524"}],"up":[{"embeddable":true,"href":"https:\/\/tempsdanse-asso.org\/index.php\/wp-json\/wp\/v2\/pages\/48"}],"wp:attachment":[{"href":"https:\/\/tempsdanse-asso.org\/index.php\/wp-json\/wp\/v2\/media?parent=268"}],"curies":[{"name":"wp","href":"https:\/\/api.w.org\/{rel}","templated":true}]}}