{"id":71,"date":"2017-02-02T20:50:59","date_gmt":"2017-02-02T19:50:59","guid":{"rendered":"https:\/\/tdwp.000webhostapp.com\/?page_id=71"},"modified":"2023-05-06T09:33:39","modified_gmt":"2023-05-06T07:33:39","slug":"les-claquettes","status":"publish","type":"page","link":"https:\/\/tempsdanse-asso.org\/index.php\/les-styles\/les-claquettes\/","title":{"rendered":"Claquettes"},"content":{"rendered":"\n<p><\/p>\n\n\n\n<p class=\"has-medium-font-size\"><strong>Claquettes<\/strong><\/p>\n\n\n\n<p class=\"has-small-font-size\">Les claquettes sont un style de danse n\u00e9 aux \u00c9tats-Unis au XIXe si\u00e8cle. Le nom de claquettes vient du son produit par des fers (morceaux de m\u00e9tal adapt\u00e9s) fix\u00e9s sur les chaussures du danseur, ce qui fait de celui-ci, en m\u00eame temps qu&rsquo;un danseur, un percussionniste.<\/p>\n\n\n\n<p class=\"has-small-font-size\">L&rsquo;art des claquettes a commenc\u00e9 en Irlande, les paysans avaient de gros sabots, et pour parler d&rsquo;une vall\u00e9e \u00e0 une autre frappaient avec leurs chaussures sur des troncs de bois vide.&nbsp;Avec le temps, les danses s&rsquo;enrichirent les unes les autres.<\/p>\n\n\n\n<p class=\"has-small-font-size\">Le shuffle africain et la gigue irlandaise fusionn\u00e8rent pour aboutir aux claquettes telles que nous les connaissons aujourd&rsquo;hui (Tap dance).<\/p>\n\n\n\n<p class=\"has-small-font-size\"><strong>A partir de 11 ans<\/strong>&nbsp;<strong>TENUE : Les claquettes pourront \u00eatre achet\u00e9es avec le conseil du professeur.<\/strong><\/p>\n\n\n\n<figure class=\"wp-block-image size-large\"><img data-recalc-dims=\"1\" fetchpriority=\"high\" decoding=\"async\" width=\"720\" height=\"328\" data-attachment-id=\"1193\" data-permalink=\"https:\/\/tempsdanse-asso.org\/v-2-vlcsnap-2019-07-10-19h35m00s743\/\" data-orig-file=\"https:\/\/i0.wp.com\/tempsdanse-asso.org\/wp-content\/uploads\/2019\/09\/v-2-vlcsnap-2019-07-10-19h35m00s743.png?fit=1353%2C616&amp;ssl=1\" data-orig-size=\"1353,616\" data-comments-opened=\"0\" data-image-meta=\"{&quot;aperture&quot;:&quot;0&quot;,&quot;credit&quot;:&quot;&quot;,&quot;camera&quot;:&quot;&quot;,&quot;caption&quot;:&quot;&quot;,&quot;created_timestamp&quot;:&quot;0&quot;,&quot;copyright&quot;:&quot;&quot;,&quot;focal_length&quot;:&quot;0&quot;,&quot;iso&quot;:&quot;0&quot;,&quot;shutter_speed&quot;:&quot;0&quot;,&quot;title&quot;:&quot;&quot;,&quot;orientation&quot;:&quot;0&quot;}\" data-image-title=\"v 2 vlcsnap-2019-07-10-19h35m00s743\" data-image-description=\"\" data-image-caption=\"\" data-medium-file=\"https:\/\/i0.wp.com\/tempsdanse-asso.org\/wp-content\/uploads\/2019\/09\/v-2-vlcsnap-2019-07-10-19h35m00s743.png?fit=300%2C137&amp;ssl=1\" data-large-file=\"https:\/\/i0.wp.com\/tempsdanse-asso.org\/wp-content\/uploads\/2019\/09\/v-2-vlcsnap-2019-07-10-19h35m00s743.png?fit=720%2C328&amp;ssl=1\" src=\"https:\/\/i0.wp.com\/tempsdanse-asso.org\/wp-content\/uploads\/2019\/09\/v-2-vlcsnap-2019-07-10-19h35m00s743.png?resize=720%2C328&#038;ssl=1\" alt=\"Spectacle claquette\" class=\"wp-image-1193\" srcset=\"https:\/\/i0.wp.com\/tempsdanse-asso.org\/wp-content\/uploads\/2019\/09\/v-2-vlcsnap-2019-07-10-19h35m00s743.png?resize=1024%2C466&amp;ssl=1 1024w, https:\/\/i0.wp.com\/tempsdanse-asso.org\/wp-content\/uploads\/2019\/09\/v-2-vlcsnap-2019-07-10-19h35m00s743.png?resize=300%2C137&amp;ssl=1 300w, https:\/\/i0.wp.com\/tempsdanse-asso.org\/wp-content\/uploads\/2019\/09\/v-2-vlcsnap-2019-07-10-19h35m00s743.png?resize=768%2C350&amp;ssl=1 768w, https:\/\/i0.wp.com\/tempsdanse-asso.org\/wp-content\/uploads\/2019\/09\/v-2-vlcsnap-2019-07-10-19h35m00s743.png?resize=600%2C273&amp;ssl=1 600w, https:\/\/i0.wp.com\/tempsdanse-asso.org\/wp-content\/uploads\/2019\/09\/v-2-vlcsnap-2019-07-10-19h35m00s743.png?w=1353&amp;ssl=1 1353w\" sizes=\"(max-width: 720px) 100vw, 720px\" \/><\/figure>\n","protected":false},"excerpt":{"rendered":"<p>Claquettes Les claquettes sont un style de danse n\u00e9 aux \u00c9tats-Unis au XIXe si\u00e8cle. Le nom de claquettes vient du son produit par des fers (morceaux de m\u00e9tal adapt\u00e9s) fix\u00e9s sur les chaussures du danseur, ce qui fait de celui-ci, en m\u00eame temps qu&rsquo;un danseur, un percussionniste. L&rsquo;art des claquettes a commenc\u00e9 en Irlande, les [&hellip;]<\/p>\n","protected":false},"author":2,"featured_media":0,"parent":65,"menu_order":0,"comment_status":"closed","ping_status":"closed","template":"","meta":{"footnotes":""},"class_list":["post-71","page","type-page","status-publish","hentry","post"],"jetpack_sharing_enabled":true,"_links":{"self":[{"href":"https:\/\/tempsdanse-asso.org\/index.php\/wp-json\/wp\/v2\/pages\/71","targetHints":{"allow":["GET"]}}],"collection":[{"href":"https:\/\/tempsdanse-asso.org\/index.php\/wp-json\/wp\/v2\/pages"}],"about":[{"href":"https:\/\/tempsdanse-asso.org\/index.php\/wp-json\/wp\/v2\/types\/page"}],"author":[{"embeddable":true,"href":"https:\/\/tempsdanse-asso.org\/index.php\/wp-json\/wp\/v2\/users\/2"}],"replies":[{"embeddable":true,"href":"https:\/\/tempsdanse-asso.org\/index.php\/wp-json\/wp\/v2\/comments?post=71"}],"version-history":[{"count":12,"href":"https:\/\/tempsdanse-asso.org\/index.php\/wp-json\/wp\/v2\/pages\/71\/revisions"}],"predecessor-version":[{"id":1692,"href":"https:\/\/tempsdanse-asso.org\/index.php\/wp-json\/wp\/v2\/pages\/71\/revisions\/1692"}],"up":[{"embeddable":true,"href":"https:\/\/tempsdanse-asso.org\/index.php\/wp-json\/wp\/v2\/pages\/65"}],"wp:attachment":[{"href":"https:\/\/tempsdanse-asso.org\/index.php\/wp-json\/wp\/v2\/media?parent=71"}],"curies":[{"name":"wp","href":"https:\/\/api.w.org\/{rel}","templated":true}]}}