{"id":76,"date":"2017-02-02T20:55:01","date_gmt":"2017-02-02T19:55:01","guid":{"rendered":"https:\/\/tdwp.000webhostapp.com\/?page_id=76"},"modified":"2020-08-26T22:33:41","modified_gmt":"2020-08-26T20:33:41","slug":"hip-hop","status":"publish","type":"page","link":"https:\/\/tempsdanse-asso.org\/index.php\/les-styles\/hip-hop\/","title":{"rendered":"Hip Hop"},"content":{"rendered":"<div id=\"pl-76\"  class=\"panel-layout\" ><div id=\"pg-76-0\"  class=\"panel-grid panel-no-style\" ><div id=\"pgc-76-0-0\"  class=\"panel-grid-cell\" ><div id=\"panel-76-0-0-0\" class=\"so-panel widget widget_sow-editor panel-first-child panel-last-child\" data-index=\"0\" ><div\n\t\t\t\n\t\t\tclass=\"so-widget-sow-editor so-widget-sow-editor-base\"\n\t\t\t\n\t\t>\n<div class=\"siteorigin-widget-tinymce textwidget\">\n\t<div align=\"left\">Le hip-hop est un mouvement culturel et artistique apparu aux \u00c9tats-Unis \u00e0 New York, dans le South Bronx au d\u00e9but des ann\u00e9es 1970. La culture hip hop arrive en France en novembre 1982, environ dix ans apr\u00e8s son apparition aux \u00c9tats-Unis. Le hip hop\u00a0 est un r\u00e9el \u00e9tat d\u2019esprit avec ses propres codes : des valeurs, des attitudes, un style vestimentaire et des cultures urbaines.<\/div>\n<div><\/div>\n<div align=\"left\">Le Hip-Hop est un ensemble de pratique artistique urbaine regroupant principalement la po\u00e9sie, la musique, la danse et la peinture.<\/div>\n<div><\/div>\n<div align=\"left\">Il est difficile de d\u00e9finir pr\u00e9cis\u00e9ment le Hip-hop tant ce mouvement culturel est vaste.<\/div>\n<div align=\"left\">On pourrait le d\u00e9couper en plusieurs parties, un mouvement artistique,\u00a0 un mode de vie et donc une culture, ou encore une philosophie et une \u00e9thique.<\/div>\n<div align=\"left\"><\/div>\n<div align=\"left\"><strong>A partir de 7 ans <\/strong><\/div>\n<div align=\"left\"><\/div>\n<div align=\"left\"><span style=\"color: #3366ff;\">TENUE :<\/span><b>\u00a0Jogging ample (pas de jeans ou de leggings), genouill\u00e8res souples et\u00a0 Baskets noirs obligatoires -\u00a0<strong>bonnet (facultatif)<\/strong><\/b><\/div>\n<\/div>\n<\/div><\/div><\/div><\/div><\/div>","protected":false},"excerpt":{"rendered":"<p>Le hip-hop est un mouvement culturel et artistique apparu aux \u00c9tats-Unis \u00e0 New York, dans le South Bronx au d\u00e9but des ann\u00e9es 1970. La culture hip hop arrive en France en novembre 1982, environ dix ans apr\u00e8s son apparition aux \u00c9tats-Unis. Le hip hop\u00a0 est un r\u00e9el \u00e9tat d\u2019esprit avec ses propres codes : des [&hellip;]<\/p>\n","protected":false},"author":2,"featured_media":0,"parent":65,"menu_order":0,"comment_status":"closed","ping_status":"closed","template":"","meta":{"footnotes":""},"class_list":["post-76","page","type-page","status-publish","hentry","post"],"jetpack_sharing_enabled":true,"_links":{"self":[{"href":"https:\/\/tempsdanse-asso.org\/index.php\/wp-json\/wp\/v2\/pages\/76","targetHints":{"allow":["GET"]}}],"collection":[{"href":"https:\/\/tempsdanse-asso.org\/index.php\/wp-json\/wp\/v2\/pages"}],"about":[{"href":"https:\/\/tempsdanse-asso.org\/index.php\/wp-json\/wp\/v2\/types\/page"}],"author":[{"embeddable":true,"href":"https:\/\/tempsdanse-asso.org\/index.php\/wp-json\/wp\/v2\/users\/2"}],"replies":[{"embeddable":true,"href":"https:\/\/tempsdanse-asso.org\/index.php\/wp-json\/wp\/v2\/comments?post=76"}],"version-history":[{"count":12,"href":"https:\/\/tempsdanse-asso.org\/index.php\/wp-json\/wp\/v2\/pages\/76\/revisions"}],"predecessor-version":[{"id":1349,"href":"https:\/\/tempsdanse-asso.org\/index.php\/wp-json\/wp\/v2\/pages\/76\/revisions\/1349"}],"up":[{"embeddable":true,"href":"https:\/\/tempsdanse-asso.org\/index.php\/wp-json\/wp\/v2\/pages\/65"}],"wp:attachment":[{"href":"https:\/\/tempsdanse-asso.org\/index.php\/wp-json\/wp\/v2\/media?parent=76"}],"curies":[{"name":"wp","href":"https:\/\/api.w.org\/{rel}","templated":true}]}}